{"id":305,"date":"2025-06-17T09:39:27","date_gmt":"2025-06-17T09:39:27","guid":{"rendered":"https:\/\/slotimo.club\/?page_id=305"},"modified":"2025-08-27T15:57:13","modified_gmt":"2025-08-27T15:57:13","slug":"kontakte","status":"publish","type":"page","link":"https:\/\/slotimo.club\/da\/kontakte\/","title":{"rendered":"Kontakte"},"content":{"rendered":"<div style=\"height:100px\" aria-hidden=\"true\" class=\"wp-block-spacer\"><\/div>\n\n\n\n<div class=\"wp-block-uagb-container uagb-block-a3940358 alignwide uagb-is-root-container\">\n<h1 class=\"wp-block-heading\">Kontakt os<\/h1>\n\n\n\n<p class=\"has-ast-global-color-5-color has-text-color has-link-color wp-elements-ed9f724a70f3216fbd6e5ca08acb1207\">Har du noget at dele? Uanset om du har et sp\u00f8rgsm\u00e5l, har bem\u00e6rket noget, vi kan forbedre, eller vil foresl\u00e5 et casino, vi skal anmelde \u2013 vi lytter gerne. Din feedback hj\u00e6lper os med at forblive skarpe, nyttige og relevante for spillere som dig. Vi er mere end bare en anmeldelsesside. Vi er et voksende f\u00e6llesskab for folk, der \u00f8nsker at spille smart og holde sig informerede. Og vi er altid glade for at h\u00f8re fra medspillere, der vil g\u00f8re online spiloplevelsen bedre.<br><br>Ideer, feedback eller blot en kort hilsen: t\u00f8v ikke. Vi er her og klar til at snakke. Send os en besked n\u00e5r som helst: <strong><a>hello@slotimo.club<\/a><\/strong><\/p>\n<\/div>\n\n\n\n<div style=\"height:100px\" aria-hidden=\"true\" class=\"wp-block-spacer\"><\/div>","protected":false},"excerpt":{"rendered":"<p>Contact Us Have something to share? Whether you\u2019ve got a question, spotted something we should improve, or want to suggest [&hellip;]<\/p>\n","protected":false},"author":2,"featured_media":0,"parent":0,"menu_order":0,"comment_status":"closed","ping_status":"closed","template":"","meta":{"_uag_custom_page_level_css":"","site-sidebar-layout":"default","site-content-layout":"","ast-site-content-layout":"default","site-content-style":"default","site-sidebar-style":"default","ast-global-header-display":"","ast-banner-title-visibility":"","ast-main-header-display":"","ast-hfb-above-header-display":"","ast-hfb-below-header-display":"","ast-hfb-mobile-header-display":"","site-post-title":"","ast-breadcrumbs-content":"","ast-featured-img":"","footer-sml-layout":"","ast-disable-related-posts":"","theme-transparent-header-meta":"","adv-header-id-meta":"","stick-header-meta":"","header-above-stick-meta":"","header-main-stick-meta":"","header-below-stick-meta":"","astra-migrate-meta-layouts":"default","ast-page-background-enabled":"default","ast-page-background-meta":{"desktop":{"background-color":"var(--ast-global-color-5)","background-image":"","background-repeat":"repeat","background-position":"center center","background-size":"auto","background-attachment":"scroll","background-type":"","background-media":"","overlay-type":"","overlay-color":"","overlay-opacity":"","overlay-gradient":""},"tablet":{"background-color":"","background-image":"","background-repeat":"repeat","background-position":"center center","background-size":"auto","background-attachment":"scroll","background-type":"","background-media":"","overlay-type":"","overlay-color":"","overlay-opacity":"","overlay-gradient":""},"mobile":{"background-color":"","background-image":"","background-repeat":"repeat","background-position":"center center","background-size":"auto","background-attachment":"scroll","background-type":"","background-media":"","overlay-type":"","overlay-color":"","overlay-opacity":"","overlay-gradient":""}},"ast-content-background-meta":{"desktop":{"background-color":"var(--ast-global-color-4)","background-image":"","background-repeat":"repeat","background-position":"center center","background-size":"auto","background-attachment":"scroll","background-type":"","background-media":"","overlay-type":"","overlay-color":"","overlay-opacity":"","overlay-gradient":""},"tablet":{"background-color":"var(--ast-global-color-4)","background-image":"","background-repeat":"repeat","background-position":"center center","background-size":"auto","background-attachment":"scroll","background-type":"","background-media":"","overlay-type":"","overlay-color":"","overlay-opacity":"","overlay-gradient":""},"mobile":{"background-color":"var(--ast-global-color-4)","background-image":"","background-repeat":"repeat","background-position":"center center","background-size":"auto","background-attachment":"scroll","background-type":"","background-media":"","overlay-type":"","overlay-color":"","overlay-opacity":"","overlay-gradient":""}},"footnotes":""},"class_list":["post-305","page","type-page","status-publish","hentry"],"aioseo_notices":[],"uagb_featured_image_src":{"full":false,"thumbnail":false,"medium":false,"medium_large":false,"large":false,"1536x1536":false,"2048x2048":false,"trp-custom-language-flag":false},"uagb_author_info":{"display_name":"sltm","author_link":"https:\/\/slotimo.club\/da\/author\/sltm\/"},"uagb_comment_info":0,"uagb_excerpt":"Contact Us Have something to share? Whether you\u2019ve got a question, spotted something we should improve, or want to suggest [&hellip;]","_links":{"self":[{"href":"https:\/\/slotimo.club\/da\/wp-json\/wp\/v2\/pages\/305","targetHints":{"allow":["GET"]}}],"collection":[{"href":"https:\/\/slotimo.club\/da\/wp-json\/wp\/v2\/pages"}],"about":[{"href":"https:\/\/slotimo.club\/da\/wp-json\/wp\/v2\/types\/page"}],"author":[{"embeddable":true,"href":"https:\/\/slotimo.club\/da\/wp-json\/wp\/v2\/users\/2"}],"replies":[{"embeddable":true,"href":"https:\/\/slotimo.club\/da\/wp-json\/wp\/v2\/comments?post=305"}],"version-history":[{"count":5,"href":"https:\/\/slotimo.club\/da\/wp-json\/wp\/v2\/pages\/305\/revisions"}],"predecessor-version":[{"id":538,"href":"https:\/\/slotimo.club\/da\/wp-json\/wp\/v2\/pages\/305\/revisions\/538"}],"wp:attachment":[{"href":"https:\/\/slotimo.club\/da\/wp-json\/wp\/v2\/media?parent=305"}],"curies":[{"name":"wp","href":"https:\/\/api.w.org\/{rel}","templated":true}]}}