{"id":305,"date":"2025-06-17T09:39:27","date_gmt":"2025-06-17T09:39:27","guid":{"rendered":"https:\/\/slotimo.club\/?page_id=305"},"modified":"2025-08-27T15:57:13","modified_gmt":"2025-08-27T15:57:13","slug":"contact","status":"publish","type":"page","link":"https:\/\/slotimo.club\/de\/contact\/","title":{"rendered":"Kontakt"},"content":{"rendered":"<div style=\"height:100px\" aria-hidden=\"true\" class=\"wp-block-spacer\"><\/div>\n\n\n\n<div class=\"wp-block-uagb-container uagb-block-a3940358 alignwide uagb-is-root-container\">\n<h1 class=\"wp-block-heading\">Kontaktieren Sie uns<\/h1>\n\n\n\n<p class=\"has-ast-global-color-5-color has-text-color has-link-color wp-elements-ed9f724a70f3216fbd6e5ca08acb1207\">Haben Sie etwas zu teilen? Egal, ob Sie eine Frage haben, etwas entdeckt haben, das wir verbessern sollten, oder ein Casino vorschlagen m\u00f6chten, das wir \u00fcberpr\u00fcfen sollen \u2013 wir h\u00f6ren zu. Ihr Feedback hilft uns, scharf, hilfreich und relevant f\u00fcr Spieler wie Sie zu bleiben. Wir sind mehr als nur eine Bewertungsseite. Wir sind ein wachsender Ort f\u00fcr Menschen, die Wert darauf legen, klug zu spielen und gut informiert zu bleiben. Und wir freuen uns immer, von anderen Spielern zu h\u00f6ren, die die Welt des Online-Gl\u00fccksspiels besser machen wollen.<br><br>Ideen, Feedback oder einfach ein kurzes Hallo: Z\u00f6gern Sie nicht. Wir sind hier und bereit zu sprechen. Senden Sie uns jederzeit eine Nachricht: <strong><a>hello@slotimo.club<\/a><\/strong><\/p>\n<\/div>\n\n\n\n<div style=\"height:100px\" aria-hidden=\"true\" class=\"wp-block-spacer\"><\/div>","protected":false},"excerpt":{"rendered":"<p>Contact Us Have something to share? Whether you\u2019ve got a question, spotted something we should improve, or want to suggest [&hellip;]<\/p>\n","protected":false},"author":2,"featured_media":0,"parent":0,"menu_order":0,"comment_status":"closed","ping_status":"closed","template":"","meta":{"_uag_custom_page_level_css":"","site-sidebar-layout":"default","site-content-layout":"","ast-site-content-layout":"default","site-content-style":"default","site-sidebar-style":"default","ast-global-header-display":"","ast-banner-title-visibility":"","ast-main-header-display":"","ast-hfb-above-header-display":"","ast-hfb-below-header-display":"","ast-hfb-mobile-header-display":"","site-post-title":"","ast-breadcrumbs-content":"","ast-featured-img":"","footer-sml-layout":"","ast-disable-related-posts":"","theme-transparent-header-meta":"","adv-header-id-meta":"","stick-header-meta":"","header-above-stick-meta":"","header-main-stick-meta":"","header-below-stick-meta":"","astra-migrate-meta-layouts":"default","ast-page-background-enabled":"default","ast-page-background-meta":{"desktop":{"background-color":"var(--ast-global-color-5)","background-image":"","background-repeat":"repeat","background-position":"center center","background-size":"auto","background-attachment":"scroll","background-type":"","background-media":"","overlay-type":"","overlay-color":"","overlay-opacity":"","overlay-gradient":""},"tablet":{"background-color":"","background-image":"","background-repeat":"repeat","background-position":"center center","background-size":"auto","background-attachment":"scroll","background-type":"","background-media":"","overlay-type":"","overlay-color":"","overlay-opacity":"","overlay-gradient":""},"mobile":{"background-color":"","background-image":"","background-repeat":"repeat","background-position":"center center","background-size":"auto","background-attachment":"scroll","background-type":"","background-media":"","overlay-type":"","overlay-color":"","overlay-opacity":"","overlay-gradient":""}},"ast-content-background-meta":{"desktop":{"background-color":"var(--ast-global-color-4)","background-image":"","background-repeat":"repeat","background-position":"center center","background-size":"auto","background-attachment":"scroll","background-type":"","background-media":"","overlay-type":"","overlay-color":"","overlay-opacity":"","overlay-gradient":""},"tablet":{"background-color":"var(--ast-global-color-4)","background-image":"","background-repeat":"repeat","background-position":"center center","background-size":"auto","background-attachment":"scroll","background-type":"","background-media":"","overlay-type":"","overlay-color":"","overlay-opacity":"","overlay-gradient":""},"mobile":{"background-color":"var(--ast-global-color-4)","background-image":"","background-repeat":"repeat","background-position":"center center","background-size":"auto","background-attachment":"scroll","background-type":"","background-media":"","overlay-type":"","overlay-color":"","overlay-opacity":"","overlay-gradient":""}},"footnotes":""},"class_list":["post-305","page","type-page","status-publish","hentry"],"aioseo_notices":[],"uagb_featured_image_src":{"full":false,"thumbnail":false,"medium":false,"medium_large":false,"large":false,"1536x1536":false,"2048x2048":false,"trp-custom-language-flag":false},"uagb_author_info":{"display_name":"sltm","author_link":"https:\/\/slotimo.club\/de\/author\/sltm\/"},"uagb_comment_info":0,"uagb_excerpt":"Contact Us Have something to share? Whether you\u2019ve got a question, spotted something we should improve, or want to suggest [&hellip;]","_links":{"self":[{"href":"https:\/\/slotimo.club\/de\/wp-json\/wp\/v2\/pages\/305","targetHints":{"allow":["GET"]}}],"collection":[{"href":"https:\/\/slotimo.club\/de\/wp-json\/wp\/v2\/pages"}],"about":[{"href":"https:\/\/slotimo.club\/de\/wp-json\/wp\/v2\/types\/page"}],"author":[{"embeddable":true,"href":"https:\/\/slotimo.club\/de\/wp-json\/wp\/v2\/users\/2"}],"replies":[{"embeddable":true,"href":"https:\/\/slotimo.club\/de\/wp-json\/wp\/v2\/comments?post=305"}],"version-history":[{"count":5,"href":"https:\/\/slotimo.club\/de\/wp-json\/wp\/v2\/pages\/305\/revisions"}],"predecessor-version":[{"id":538,"href":"https:\/\/slotimo.club\/de\/wp-json\/wp\/v2\/pages\/305\/revisions\/538"}],"wp:attachment":[{"href":"https:\/\/slotimo.club\/de\/wp-json\/wp\/v2\/media?parent=305"}],"curies":[{"name":"wp","href":"https:\/\/api.w.org\/{rel}","templated":true}]}}