{"id":162,"date":"2025-06-10T08:19:39","date_gmt":"2025-06-10T08:19:39","guid":{"rendered":"https:\/\/slotimo.club\/?page_id=162"},"modified":"2025-08-27T15:35:55","modified_gmt":"2025-08-27T15:35:55","slug":"terms-of-service","status":"publish","type":"page","link":"https:\/\/slotimo.club\/hu\/terms-of-service\/","title":{"rendered":"Szolg\u00e1ltat\u00e1si felt\u00e9telek"},"content":{"rendered":"<div style=\"height:100px\" aria-hidden=\"true\" class=\"wp-block-spacer\"><\/div>\n\n\n\n<h1 class=\"wp-block-heading\">Szolg\u00e1ltat\u00e1si felt\u00e9telek<\/h1>\n\n\n\n<p>Utols\u00f3 friss\u00edt\u00e9s: 2025.06.10.<\/p>\n\n\n\n<p>K\u00e9rj\u00fck, hogy figyelmesen olvassa el jelen Szolg\u00e1ltat\u00e1si Felt\u00e9teleket (\u201eFelt\u00e9telek\u201d), miel\u0151tt haszn\u00e1latba venn\u00e9 weboldalunkat. Az oldal el\u00e9r\u00e9s\u00e9vel vagy haszn\u00e1lat\u00e1val \u00d6n elfogadja, hogy k\u00f6telez\u0151 \u00e9rv\u00e9ny\u0171nek tekinti ezen Felt\u00e9teleket. Amennyiben nem \u00e9rt egyet a Felt\u00e9telek b\u00e1rmely r\u00e9sz\u00e9vel, k\u00e9rj\u00fck, ne haszn\u00e1lja weboldalunkat.<\/p>\n\n\n\n<h2 class=\"wp-block-heading\">1. A szolg\u00e1ltat\u00e1s jellege<\/h2>\n\n\n\n<p><a href=\"https:\/\/slotimo.club\/hu\/\" title=\"\">Slotimo.club<\/a> egy f\u00fcggetlen \u00e9rt\u00e9kel\u0151 platformk\u00e9nt m\u0171k\u00f6dik, amely k\u00fcl\u00f6nb\u00f6z\u0151 online kaszin\u00f3 weboldalakr\u00f3l ny\u00fajt inform\u00e1ci\u00f3kat, v\u00e9lem\u00e9nyeket \u00e9s \u00e9rt\u00e9kel\u00e9seket. Nem ny\u00fajtunk szerencsej\u00e1t\u00e9k-szolg\u00e1ltat\u00e1sokat, \u00e9s nem \u00fczemeltet\u00fcnk semmilyen fogad\u00e1si vagy j\u00e1t\u00e9ktev\u00e9kenys\u00e9get. C\u00e9lunk, hogy a felhaszn\u00e1l\u00f3k sz\u00e1m\u00e1ra hasznos betekint\u00e9st \u00e9s r\u00e9szletes \u00e9rt\u00e9kel\u00e9seket biztos\u00edtsunk, amelyek seg\u00edts\u00e9get ny\u00fajtanak a harmadik f\u00e9l \u00e1ltal m\u0171k\u00f6dtetett online kaszin\u00f3kr\u00f3l val\u00f3 t\u00e1j\u00e9kozott d\u00f6nt\u00e9shozatalban.<\/p>\n\n\n\n<h2 class=\"wp-block-heading\">2. Nincs szerencsej\u00e1t\u00e9k-szolg\u00e1ltat\u00e1s<\/h2>\n\n\n\n<p>Az oldal haszn\u00e1lat\u00e1val \u00d6n tudom\u00e1sul veszi \u00e9s elfogadja, hogy mi nem ny\u00fajtunk semmilyen k\u00f6zvetlen szerencsej\u00e1t\u00e9k- vagy fogad\u00e1si szolg\u00e1ltat\u00e1st. Minden tranzakci\u00f3, j\u00e1t\u00e9k, nyerem\u00e9ny \u00e9s felhaszn\u00e1l\u00f3i fi\u00f3k, amely a weboldalunkon \u00e9rt\u00e9kelt online kaszin\u00f3khoz kapcsol\u00f3dik, kiz\u00e1r\u00f3lag az eredeti kaszin\u00f3\u00fczemeltet\u0151k \u00e1ltal kezelt folyamat. A slotimo.club nem fogad el t\u00e9teket, nem kezel befizet\u00e9seket, \u00e9s nincs befoly\u00e1sa a harmadik felek kaszin\u00f3inak m\u0171k\u00f6d\u00e9s\u00e9re vagy biztons\u00e1g\u00e1ra.<\/p>\n\n\n\n<h2 class=\"wp-block-heading\">3. Tartalom haszn\u00e1lata<\/h2>\n\n\n\n<p>Az oldalon tal\u00e1lhat\u00f3 minden tartalom - bele\u00e9rtve, de nem kiz\u00e1r\u00f3lagosan, az \u00e9rt\u00e9kel\u00e9seket, cikkeket, \u00fatmutat\u00f3kat \u00e9s \u00e9rt\u00e9kel\u00e9si pontokat - kiz\u00e1r\u00f3lag t\u00e1j\u00e9koztat\u00f3 \u00e9s oktat\u00e1si c\u00e9lt szolg\u00e1l. B\u00e1r t\u00f6reksz\u00fcnk az inform\u00e1ci\u00f3k pontoss\u00e1g\u00e1ra \u00e9s p\u00e1rtatlans\u00e1g\u00e1ra, nem garant\u00e1ljuk a teljesk\u00f6r\u0171s\u00e9get vagy a megb\u00edzhat\u00f3s\u00e1got. Javasoljuk, hogy a felhaszn\u00e1l\u00f3k \u00f6n\u00e1ll\u00f3an ellen\u0151rizz\u00e9k a r\u00e9szleteket, miel\u0151tt kapcsolatba l\u00e9pnek b\u00e1rmely kaszin\u00f3 \u00fczemeltet\u0151j\u00e9vel. Az inform\u00e1ci\u00f3k felhaszn\u00e1l\u00e1sa kiz\u00e1r\u00f3lag saj\u00e1t felel\u0151ss\u00e9g\u00e9re t\u00f6rt\u00e9nik.<\/p>\n\n\n\n<h2 class=\"wp-block-heading\">4. Felhaszn\u00e1l\u00f3i felel\u0151ss\u00e9g<\/h2>\n\n\n\n<p>Az oldal haszn\u00e1lat\u00e1val \u00d6n v\u00e1llalja, hogy felel\u0151ss\u00e9gteljesen \u00e9s a lak\u00f3helye szerinti jogszab\u00e1lyoknak megfelel\u0151en haszn\u00e1lja azt. \u00d6n felel\u0151s az\u00e9rt, hogy a vizsg\u00e1lt vagy hivatkozott kaszin\u00f3oldalakhoz val\u00f3 hozz\u00e1f\u00e9r\u00e9s \u00e9s azok haszn\u00e1lata \u00f6sszhangban \u00e1lljon az \u00d6n orsz\u00e1g\u00e1ban hat\u00e1lyos t\u00f6rv\u00e9nyekkel. Nem t\u00e1mogatjuk a kiskor\u00faak szerencsej\u00e1t\u00e9k\u00e1t, \u00e9s az oldal haszn\u00e1lat\u00e1t kifejezetten megtiltjuk mindazok sz\u00e1m\u00e1ra, akik nem \u00e9rt\u00e9k el a saj\u00e1t joghat\u00f3s\u00e1gukban meghat\u00e1rozott t\u00f6rv\u00e9nyes szerencsej\u00e1t\u00e9k-korhat\u00e1rt. Seg\u00edt\u0151 kieg\u00e9sz\u00edt\u00e9s: Amennyiben \u00d6n bizonytalan a szerencsej\u00e1t\u00e9kra vonatkoz\u00f3 helyi szab\u00e1lyoz\u00e1sokban, javasoljuk, hogy t\u00e1j\u00e9koz\u00f3djon a lak\u00f3helye szerinti hivatalos jogi forr\u00e1sokb\u00f3l, miel\u0151tt harmadik f\u00e9l kaszin\u00f3oldal\u00e1t ig\u00e9nybe veszi.<\/p>\n\n\n\n<h2 class=\"wp-block-heading\">5. Szellemi tulajdon<\/h2>\n\n\n\n<p>A slotimo.club weboldalon tal\u00e1lhat\u00f3 minden anyag \u2013 bele\u00e9rtve a sz\u00f6vegeket, grafik\u00e1kat, log\u00f3kat, k\u00e9peket \u00e9s szoftvereket \u2013 a Slotimo vagy annak licencad\u00f3inak tulajdon\u00e1t k\u00e9pezi, \u00e9s szerz\u0151i jogi, valamint egy\u00e9b szellemi tulajdonjogi v\u00e9delem alatt \u00e1ll. Ezeket az anyagokat kiz\u00e1r\u00f3lag szem\u00e9lyes, nem kereskedelmi c\u00e9lokra haszn\u00e1lhatja fel. A tartalmak jogosulatlan m\u00e1sol\u00e1sa, sokszoros\u00edt\u00e1sa, terjeszt\u00e9se vagy m\u00f3dos\u00edt\u00e1sa szigor\u00faan tilos.<\/p>\n\n\n\n<h2 class=\"wp-block-heading\">6. Harmadik f\u00e9l weboldalaira mutat\u00f3 hivatkoz\u00e1sok<\/h2>\n\n\n\n<p>Weboldalunkon k\u00fcls\u0151 weboldalakra mutat\u00f3 linkek tal\u00e1lhat\u00f3k, bele\u00e9rtve az \u00e1ltalunk \u00e9rt\u00e9kelt kaszin\u00f3oldalakat is. Ezek a hivatkoz\u00e1sok kiz\u00e1r\u00f3lag k\u00e9nyelmi c\u00e9lt szolg\u00e1lnak. Nem \u00e1ll m\u00f3dunkban ellen\u0151rizni, j\u00f3v\u00e1hagyni vagy felel\u0151ss\u00e9get v\u00e1llalni a linkelt weboldalak tartalm\u00e1\u00e9rt, szab\u00e1lyzatai\u00e9rt vagy gyakorlatai\u00e9rt. A k\u00fcls\u0151 oldalakhoz val\u00f3 hozz\u00e1f\u00e9r\u00e9s kiz\u00e1r\u00f3lag saj\u00e1t felel\u0151ss\u00e9g\u00e9re t\u00f6rt\u00e9nik, ez\u00e9rt javasoljuk, hogy minden esetben olvassa el az adott oldal felt\u00e9teleit \u00e9s adatv\u00e9delmi szab\u00e1lyzat\u00e1t.<\/p>\n\n\n\n<h2 class=\"wp-block-heading\">7. Felel\u0151ss\u00e9gkiz\u00e1r\u00e1s \u00e9s korl\u00e1toz\u00e1s<\/h2>\n\n\n\n<p>Az oldalt \u00e9s a tartalmakat \u201eahogy van\u201d alapon biztos\u00edtjuk, mindenf\u00e9le kifejezett vagy hallgat\u00f3lagos garancia n\u00e9lk\u00fcl. Nem v\u00e1llalunk felel\u0151ss\u00e9get az\u00e9rt, hogy az oldal hibamentes, folyamatosan el\u00e9rhet\u0151 vagy v\u00edrusmentes legyen. Sem a platform, sem annak tulajdonosai, munkav\u00e1llal\u00f3i vagy partnerei nem vonhat\u00f3k felel\u0151ss\u00e9gre semmilyen k\u00f6zvetlen, k\u00f6zvetett, j\u00e1rul\u00e9kos, k\u00f6vetkezm\u00e9nyes vagy b\u00fcntet\u0151 jelleg\u0171 k\u00e1r\u00e9rt, amely az oldal haszn\u00e1lat\u00e1b\u00f3l vagy annak haszn\u00e1lhatatlans\u00e1g\u00e1b\u00f3l ered, m\u00e9g abban az esetben sem, ha el\u0151zetesen t\u00e1j\u00e9koztat\u00e1st adtunk a kock\u00e1zatokr\u00f3l.<\/p>\n\n\n\n<h2 class=\"wp-block-heading\">8. Felt\u00e9telek m\u00f3dos\u00edt\u00e1sa<\/h2>\n\n\n\n<p>Fenntartjuk a jogot, hogy ezen Felt\u00e9teleket b\u00e1rmikor, el\u0151zetes \u00e9rtes\u00edt\u00e9s n\u00e9lk\u00fcl m\u00f3dos\u00edtsuk vagy friss\u00edts\u00fck. A v\u00e1ltoztat\u00e1sok ezen az oldalon ker\u00fclnek k\u00f6zz\u00e9t\u00e9telre, friss\u00edtett \u201eUtols\u00f3 friss\u00edt\u00e9s\u201d d\u00e1tummal. Az oldal tov\u00e1bbi haszn\u00e1lata a m\u00f3dos\u00edt\u00e1sok ut\u00e1n az \u00faj Felt\u00e9telek elfogad\u00e1s\u00e1t jelenti. Javasoljuk, hogy rendszeresen ellen\u0151rizze ezt az oldalt a friss\u00edt\u00e9sek miatt.<\/p>\n\n\n\n<h2 class=\"wp-block-heading\">9. Ir\u00e1nyad\u00f3 jog \u00e9s jogvita rendez\u00e9se<\/h2>\n\n\n\n<p>A jelen Felt\u00e9telekre \u00e9s azok \u00e9rtelmez\u00e9s\u00e9re a D\u00e1n Kir\u00e1lys\u00e1g joga az ir\u00e1nyad\u00f3. Az ezekb\u0151l ered\u0151 vagy azokkal kapcsolatos jogvit\u00e1k eset\u00e9n a D\u00e1nia ter\u00fclet\u00e9n illet\u00e9kes b\u00edr\u00f3s\u00e1gok rendelkeznek kiz\u00e1r\u00f3lagos joghat\u00f3s\u00e1ggal.\nSeg\u00edt\u0151 kieg\u00e9sz\u00edt\u00e9s: Ha \u00d6n nem D\u00e1ni\u00e1ban \u00e9l, k\u00e9rj\u00fck, vegye figyelembe, hogy a vit\u00e1k rendez\u00e9se a d\u00e1n b\u00edr\u00f3s\u00e1gokon t\u00f6rt\u00e9nik, \u00e9s ez hat\u00e1ssal lehet az \u00d6n jog\u00e9rv\u00e9nyes\u00edt\u00e9si lehet\u0151s\u00e9geire.<\/p>\n\n\n\n<h2 class=\"wp-block-heading\">10. Kapcsolat<\/h2>\n\n\n\n<p class=\"has-ast-global-color-5-color has-text-color has-link-color wp-elements-ac738ec253cd8a667f07fd800f4f2198\">Ha k\u00e9rd\u00e9se van a jelen Felt\u00e9telekkel kapcsolatban, k\u00e9rj\u00fck, l\u00e9pjen kapcsolatba vel\u00fcnk a <a href=\"mailto:support@letsluckycasino.com\">support@slotimo.club<\/a> e-mail c\u00edmen, vagy haszn\u00e1lja a weboldalunkon megadott el\u00e9rhet\u0151s\u00e9geket.<\/p>\n\n\n\n<div style=\"height:100px\" aria-hidden=\"true\" class=\"wp-block-spacer\"><\/div>","protected":false},"excerpt":{"rendered":"<p>Terms of Service Last Updated: 06\/10\/2025 Please read these Terms of Service (&#8220;Terms&#8221;) carefully before using our website. By accessing [&hellip;]<\/p>\n","protected":false},"author":2,"featured_media":0,"parent":0,"menu_order":0,"comment_status":"closed","ping_status":"closed","template":"","meta":{"_uag_custom_page_level_css":"","site-sidebar-layout":"default","site-content-layout":"","ast-site-content-layout":"default","site-content-style":"default","site-sidebar-style":"default","ast-global-header-display":"","ast-banner-title-visibility":"","ast-main-header-display":"","ast-hfb-above-header-display":"","ast-hfb-below-header-display":"","ast-hfb-mobile-header-display":"","site-post-title":"","ast-breadcrumbs-content":"","ast-featured-img":"","footer-sml-layout":"","ast-disable-related-posts":"","theme-transparent-header-meta":"","adv-header-id-meta":"","stick-header-meta":"","header-above-stick-meta":"","header-main-stick-meta":"","header-below-stick-meta":"","astra-migrate-meta-layouts":"default","ast-page-background-enabled":"default","ast-page-background-meta":{"desktop":{"background-color":"var(--ast-global-color-5)","background-image":"","background-repeat":"repeat","background-position":"center center","background-size":"auto","background-attachment":"scroll","background-type":"","background-media":"","overlay-type":"","overlay-color":"","overlay-opacity":"","overlay-gradient":""},"tablet":{"background-color":"","background-image":"","background-repeat":"repeat","background-position":"center center","background-size":"auto","background-attachment":"scroll","background-type":"","background-media":"","overlay-type":"","overlay-color":"","overlay-opacity":"","overlay-gradient":""},"mobile":{"background-color":"","background-image":"","background-repeat":"repeat","background-position":"center center","background-size":"auto","background-attachment":"scroll","background-type":"","background-media":"","overlay-type":"","overlay-color":"","overlay-opacity":"","overlay-gradient":""}},"ast-content-background-meta":{"desktop":{"background-color":"var(--ast-global-color-4)","background-image":"","background-repeat":"repeat","background-position":"center center","background-size":"auto","background-attachment":"scroll","background-type":"","background-media":"","overlay-type":"","overlay-color":"","overlay-opacity":"","overlay-gradient":""},"tablet":{"background-color":"var(--ast-global-color-4)","background-image":"","background-repeat":"repeat","background-position":"center center","background-size":"auto","background-attachment":"scroll","background-type":"","background-media":"","overlay-type":"","overlay-color":"","overlay-opacity":"","overlay-gradient":""},"mobile":{"background-color":"var(--ast-global-color-4)","background-image":"","background-repeat":"repeat","background-position":"center center","background-size":"auto","background-attachment":"scroll","background-type":"","background-media":"","overlay-type":"","overlay-color":"","overlay-opacity":"","overlay-gradient":""}},"footnotes":""},"class_list":["post-162","page","type-page","status-publish","hentry"],"aioseo_notices":[],"uagb_featured_image_src":{"full":false,"thumbnail":false,"medium":false,"medium_large":false,"large":false,"1536x1536":false,"2048x2048":false,"trp-custom-language-flag":false},"uagb_author_info":{"display_name":"sltm","author_link":"https:\/\/slotimo.club\/hu\/author\/sltm\/"},"uagb_comment_info":0,"uagb_excerpt":"Terms of Service Last Updated: 06\/10\/2025 Please read these Terms of Service (&#8220;Terms&#8221;) carefully before using our website. By accessing [&hellip;]","_links":{"self":[{"href":"https:\/\/slotimo.club\/hu\/wp-json\/wp\/v2\/pages\/162","targetHints":{"allow":["GET"]}}],"collection":[{"href":"https:\/\/slotimo.club\/hu\/wp-json\/wp\/v2\/pages"}],"about":[{"href":"https:\/\/slotimo.club\/hu\/wp-json\/wp\/v2\/types\/page"}],"author":[{"embeddable":true,"href":"https:\/\/slotimo.club\/hu\/wp-json\/wp\/v2\/users\/2"}],"replies":[{"embeddable":true,"href":"https:\/\/slotimo.club\/hu\/wp-json\/wp\/v2\/comments?post=162"}],"version-history":[{"count":10,"href":"https:\/\/slotimo.club\/hu\/wp-json\/wp\/v2\/pages\/162\/revisions"}],"predecessor-version":[{"id":537,"href":"https:\/\/slotimo.club\/hu\/wp-json\/wp\/v2\/pages\/162\/revisions\/537"}],"wp:attachment":[{"href":"https:\/\/slotimo.club\/hu\/wp-json\/wp\/v2\/media?parent=162"}],"curies":[{"name":"wp","href":"https:\/\/api.w.org\/{rel}","templated":true}]}}