{"id":304,"date":"2025-06-17T09:39:27","date_gmt":"2025-06-17T09:39:27","guid":{"rendered":"https:\/\/slotimo.club\/?page_id=304"},"modified":"2025-08-27T15:34:07","modified_gmt":"2025-08-27T15:34:07","slug":"about-us","status":"publish","type":"page","link":"https:\/\/slotimo.club\/hu\/about-us\/","title":{"rendered":"R\u00f3lunk"},"content":{"rendered":"<div style=\"height:100px\" aria-hidden=\"true\" class=\"wp-block-spacer\"><\/div>\n\n\n\n<div class=\"wp-block-uagb-container uagb-block-28d471e4 alignwide uagb-is-root-container\">\n<h1 class=\"wp-block-heading\">R\u00f3lunk<\/h1>\n\n\n\n<p>\u00dcdv\u00f6zl\u00fcnk a <a href=\"https:\/\/slotimo.club\/hu\/\" title=\"\">slotimo.club<\/a> \u2013 a megb\u00edzhat\u00f3 \u00fatmutat\u00f3d az online kaszin\u00f3k vil\u00e1g\u00e1ban. Az\u00e9rt vagyunk itt, hogy seg\u00edts\u00fcnk eligazodni a zajban, elker\u00fclni a buktat\u00f3kat, \u00e9s megtal\u00e1lni azokat a platformokat, amelyek val\u00f3ban nagyszer\u0171 \u00e9lm\u00e9nyt ny\u00fajtanak. Felkutatjuk \u00e9s \u00e9rt\u00e9kelj\u00fck a lehet\u0151s\u00e9gek teljes sk\u00e1l\u00e1j\u00e1t, \u00edgy neked nem kell \u00f3r\u00e1kat t\u00f6ltened azzal, hogy kider\u00edtsd, hol \u00e9rdemes j\u00e1tszani. Ak\u00e1r egy rugalmasabb kaszin\u00f3t keresel, ak\u00e1r csak egy megb\u00edzhat\u00f3 online kaszin\u00f3t szeretn\u00e9l biztons\u00e1gosan \u00e9lvezni, a mi \u00e9rt\u00e9kel\u00e9s\u00fcnk a legjobb forr\u00e1s erre. A h\u00e1tt\u00e9rben tapasztalt j\u00e1t\u00e9kosokb\u00f3l, kaszin\u00f3tesztel\u0151kb\u0151l \u00e9s technol\u00f3gia-orient\u00e1lt kutat\u00f3kb\u00f3l \u00e1ll\u00f3 csapatunk egy\u00fctt dolgozik azon, hogy \u0151szint\u00e9n \u00e9s pontosan elemezze minden platformot \u2013 kiemelve a fontos dolgokat, \u00e9s felh\u00edvva a figyelmet arra, ami nem sz\u00e1m\u00edt.<\/p>\n\n\n\n<h2 class=\"wp-block-heading\">Mit csin\u00e1lunk \u00e9s mi\u00e9rt fontos<\/h2>\n\n\n\n<p>Az online kaszin\u00f3k vil\u00e1ga \u00f6sszezavar\u00f3 lehet \u2013 tele van hangzatos marketinggel, apr\u00f3 bet\u0171s felt\u00e9telekkel \u00e9s rengeteg v\u00e1laszt\u00e1si lehet\u0151s\u00e9ggel. Mi az\u00e9rt vagyunk itt, hogy \u00e1tl\u00e1that\u00f3v\u00e1 tegy\u00fck ezt. K\u00f6z\u00e9rthet\u0151, t\u00e9nyalap\u00fa inform\u00e1ci\u00f3kat ny\u00fajtunk, amelyek seg\u00edtenek okos d\u00f6nt\u00e9seket hozni a val\u00f3di j\u00e1t\u00e9k\u00e9lm\u00e9ny alapj\u00e1n, nem pedig \u00edg\u00e9retekre hagyatkozva. Tesztelj\u00fck, hogy a j\u00e1t\u00e9kok hogyan m\u0171k\u00f6dnek val\u00f3j\u00e1ban, mennyire egyszer\u0171 a kezd\u00e9s, \u00e9s milyen fogad\u00e1si lehet\u0151s\u00e9geket k\u00edn\u00e1l minden platform. Megvizsg\u00e1ljuk, mennyire seg\u00edt\u0151k\u00e9sz az \u00fcgyf\u00e9lszolg\u00e1lat, ha sz\u00fcks\u00e9ged van r\u00e1, mennyire gyorsak \u00e9s z\u00f6kken\u0151mentesek a kifizet\u00e9sek, \u00e9s mennyire komolyan veszi a webhely a biztons\u00e1got \u00e9s a licencel\u00e9st. <br><br>K\u00fcl\u00f6n figyelmet ford\u00edtunk arra is, hogy mely platformok fogadj\u00e1k a magyar j\u00e1t\u00e9kosokat, \u00e9s melyek m\u0171k\u00f6dnek megb\u00edzhat\u00f3 kaszin\u00f3alternat\u00edvak\u00e9nt, ha egy kicsit t\u00f6bb szabads\u00e1got szeretn\u00e9l a j\u00e1t\u00e9kban.<\/p>\n\n\n\n<h2 class=\"wp-block-heading\">Mit v\u00e1rhatsz t\u0151l\u00fcnk<\/h2>\n\n\n\n<p>Amikor elolvasod az \u00e9rt\u00e9kel\u00e9s\u00fcnket, gyakorlati tapasztalatokon alapul\u00f3 inform\u00e1ci\u00f3kat kapsz \u2013 nem szponzor\u00e1lt hype-ot. Folyamatosan friss\u00edtj\u00fck tartalmunkat, hogy naprak\u00e9szek legy\u00fcnk az \u00faj j\u00e1t\u00e9kokkal, b\u00f3nuszv\u00e1ltoz\u00e1sokkal, felt\u00e9telekkel \u00e9s a platformok teljes\u00edtm\u00e9ny\u00e9ben bek\u00f6vetkez\u0151 v\u00e1ltoz\u00e1sokkal kapcsolatban. Nemcsak a felsz\u00ednt vizsg\u00e1ljuk. \u00c9rt\u00e9kel\u00e9seink megvizsg\u00e1lj\u00e1k, mennyire j\u00f3l teljes\u00edtenek a kaszin\u00f3k mobil eszk\u00f6z\u00f6k\u00f6n, mennyire stabil \u00e9s tisztess\u00e9ges a j\u00e1t\u00e9k, valamint hogy a kifizet\u00e9si rendszerek val\u00f3ban teljes\u00edtik-e az \u00edg\u00e9reteiket. Val\u00f3s \u00e9lethelyzeteket is szimul\u00e1lunk, hogy l\u00e1ssuk, hogyan reag\u00e1lnak a platformok nyom\u00e1s alatt. Mindig keres\u00fcnk \u00faj, biztons\u00e1gos, innovat\u00edv \u00e9s j\u00e1t\u00e9kosbar\u00e1t online kaszin\u00f3kat is.<\/p>\n\n\n\n<h2 class=\"wp-block-heading\">Mi\u00e9rt dolgozunk a j\u00e1t\u00e9kosok\u00e9rt<\/h2>\n\n\n\n<p>\u00c9rtj\u00fck, mi fontos a j\u00e1t\u00e9kosoknak - mert mi is j\u00e1t\u00e9kosok vagyunk. Tudjuk, mennyire frusztr\u00e1l\u00f3 lehet a hom\u00e1lyos b\u00f3nuszfelt\u00e9telek vagy a lass\u00fa kifizet\u00e9sek probl\u00e9m\u00e1ja. Ez\u00e9rt \u00e1tl\u00e1that\u00f3an mutatjuk a pontsz\u00e1mokat, magyar\u00e1zzuk az \u00e9rt\u00e9kel\u00e9seket, \u00e9s csak azokat a platformokat aj\u00e1nljuk, amelyekben a saj\u00e1t id\u0151nket \u00e9s p\u00e9nz\u00fcnket is biztons\u00e1gban \u00e9rezn\u00e9nk.<\/p>\n\n\n\n<p>Tartalmunk olyan val\u00f3s k\u00e9rd\u00e9sekre \u00e9p\u00fcl, mint: \u201eEz a b\u00f3nusz t\u00e9nyleg seg\u00edt nyerni?\u201d \u201eMilyen gyorsan kapom meg a kifizet\u00e9st?\u201d vagy \u201eVan megfelel\u0151 \u00fcgyf\u00e9lt\u00e1mogat\u00e1s, ha \u00e9jszaka mer\u00fcl fel probl\u00e9ma?\u201d. Legy\u00e9l ak\u00e1r kezd\u0151, ak\u00e1r tapasztalt j\u00e1t\u00e9kos, seg\u00edt\u00fcnk megtal\u00e1lni a legbiztons\u00e1gosabb, legm\u00e9lt\u00e1nyosabb \u00e9s leg\u00e9lvezetesebb online kaszin\u00f3t Magyarorsz\u00e1gon \u2013 bele\u00e9rtve azokat is, amelyek nagyobb kontrollt biztos\u00edtanak a j\u00e1t\u00e9k\u00e9lm\u00e9nyed felett.<\/p>\n<\/div>\n\n\n\n<div style=\"height:100px\" aria-hidden=\"true\" class=\"wp-block-spacer\"><\/div>","protected":false},"excerpt":{"rendered":"<p>About Us Welcome to slotimo.club &#8211; your trusted guide in the world of online casinos. We\u2019re here to help you [&hellip;]<\/p>\n","protected":false},"author":2,"featured_media":0,"parent":0,"menu_order":0,"comment_status":"closed","ping_status":"closed","template":"","meta":{"_uag_custom_page_level_css":"","site-sidebar-layout":"default","site-content-layout":"","ast-site-content-layout":"default","site-content-style":"default","site-sidebar-style":"default","ast-global-header-display":"","ast-banner-title-visibility":"","ast-main-header-display":"","ast-hfb-above-header-display":"","ast-hfb-below-header-display":"","ast-hfb-mobile-header-display":"","site-post-title":"","ast-breadcrumbs-content":"","ast-featured-img":"","footer-sml-layout":"","ast-disable-related-posts":"","theme-transparent-header-meta":"","adv-header-id-meta":"","stick-header-meta":"","header-above-stick-meta":"","header-main-stick-meta":"","header-below-stick-meta":"","astra-migrate-meta-layouts":"default","ast-page-background-enabled":"default","ast-page-background-meta":{"desktop":{"background-color":"var(--ast-global-color-5)","background-image":"","background-repeat":"repeat","background-position":"center center","background-size":"auto","background-attachment":"scroll","background-type":"","background-media":"","overlay-type":"","overlay-color":"","overlay-opacity":"","overlay-gradient":""},"tablet":{"background-color":"","background-image":"","background-repeat":"repeat","background-position":"center center","background-size":"auto","background-attachment":"scroll","background-type":"","background-media":"","overlay-type":"","overlay-color":"","overlay-opacity":"","overlay-gradient":""},"mobile":{"background-color":"","background-image":"","background-repeat":"repeat","background-position":"center center","background-size":"auto","background-attachment":"scroll","background-type":"","background-media":"","overlay-type":"","overlay-color":"","overlay-opacity":"","overlay-gradient":""}},"ast-content-background-meta":{"desktop":{"background-color":"var(--ast-global-color-4)","background-image":"","background-repeat":"repeat","background-position":"center center","background-size":"auto","background-attachment":"scroll","background-type":"","background-media":"","overlay-type":"","overlay-color":"","overlay-opacity":"","overlay-gradient":""},"tablet":{"background-color":"var(--ast-global-color-4)","background-image":"","background-repeat":"repeat","background-position":"center center","background-size":"auto","background-attachment":"scroll","background-type":"","background-media":"","overlay-type":"","overlay-color":"","overlay-opacity":"","overlay-gradient":""},"mobile":{"background-color":"var(--ast-global-color-4)","background-image":"","background-repeat":"repeat","background-position":"center center","background-size":"auto","background-attachment":"scroll","background-type":"","background-media":"","overlay-type":"","overlay-color":"","overlay-opacity":"","overlay-gradient":""}},"footnotes":""},"class_list":["post-304","page","type-page","status-publish","hentry"],"aioseo_notices":[],"uagb_featured_image_src":{"full":false,"thumbnail":false,"medium":false,"medium_large":false,"large":false,"1536x1536":false,"2048x2048":false,"trp-custom-language-flag":false},"uagb_author_info":{"display_name":"sltm","author_link":"https:\/\/slotimo.club\/hu\/author\/sltm\/"},"uagb_comment_info":0,"uagb_excerpt":"About Us Welcome to slotimo.club &#8211; your trusted guide in the world of online casinos. We\u2019re here to help you [&hellip;]","_links":{"self":[{"href":"https:\/\/slotimo.club\/hu\/wp-json\/wp\/v2\/pages\/304","targetHints":{"allow":["GET"]}}],"collection":[{"href":"https:\/\/slotimo.club\/hu\/wp-json\/wp\/v2\/pages"}],"about":[{"href":"https:\/\/slotimo.club\/hu\/wp-json\/wp\/v2\/types\/page"}],"author":[{"embeddable":true,"href":"https:\/\/slotimo.club\/hu\/wp-json\/wp\/v2\/users\/2"}],"replies":[{"embeddable":true,"href":"https:\/\/slotimo.club\/hu\/wp-json\/wp\/v2\/comments?post=304"}],"version-history":[{"count":8,"href":"https:\/\/slotimo.club\/hu\/wp-json\/wp\/v2\/pages\/304\/revisions"}],"predecessor-version":[{"id":534,"href":"https:\/\/slotimo.club\/hu\/wp-json\/wp\/v2\/pages\/304\/revisions\/534"}],"wp:attachment":[{"href":"https:\/\/slotimo.club\/hu\/wp-json\/wp\/v2\/media?parent=304"}],"curies":[{"name":"wp","href":"https:\/\/api.w.org\/{rel}","templated":true}]}}