{"id":305,"date":"2025-06-17T09:39:27","date_gmt":"2025-06-17T09:39:27","guid":{"rendered":"https:\/\/slotimo.club\/?page_id=305"},"modified":"2025-08-27T15:57:13","modified_gmt":"2025-08-27T15:57:13","slug":"contact","status":"publish","type":"page","link":"https:\/\/slotimo.club\/hu\/contact\/","title":{"rendered":"\u00c9rintkez\u00e9s"},"content":{"rendered":"<div style=\"height:100px\" aria-hidden=\"true\" class=\"wp-block-spacer\"><\/div>\n\n\n\n<div class=\"wp-block-uagb-container uagb-block-a3940358 alignwide uagb-is-root-container\">\n<h1 class=\"wp-block-heading\">Kapcsolat<\/h1>\n\n\n\n<p class=\"has-ast-global-color-5-color has-text-color has-link-color wp-elements-ed9f724a70f3216fbd6e5ca08acb1207\">Van valami, amit meg szeretn\u00e9l osztani? Ak\u00e1r k\u00e9rd\u00e9sed van, \u00e9szrevett\u00e9l valamit, amin jav\u00edthatn\u00e1nk, vagy szeretn\u00e9l javasolni egy kaszin\u00f3t, amit \u00e9rdemes lenne \u00e9rt\u00e9keln\u00fcnk \u2013 nyitottak vagyunk mindenre. A visszajelz\u00e9sed seg\u00edt abban, hogy \u00e9lesek, hasznosak \u00e9s relev\u00e1nsak maradjunk a j\u00e1t\u00e9kosok sz\u00e1m\u00e1ra. T\u00f6bbek vagyunk egy egyszer\u0171 \u00e9rt\u00e9kel\u0151 oldalon. Olyan n\u00f6vekv\u0151 k\u00f6z\u00f6ss\u00e9get alkotunk, akik t\u00f6r\u0151dnek az okos j\u00e1t\u00e9kkal \u00e9s az inform\u00e1lts\u00e1ggal. Mindig \u00f6r\u00f6mmel hallunk m\u00e1s j\u00e1t\u00e9kosokt\u00f3l, akik szeretn\u00e9k jobb\u00e1 tenni az online j\u00e1t\u00e9k vil\u00e1g\u00e1t.<br><br>\u00d6tletek, visszajelz\u00e9s vagy egyszer\u0171en egy r\u00f6vid \u00fcdv\u00f6zl\u00e9s: ne habozz! Itt vagyunk, \u00e9s k\u00e9szen \u00e1llunk a besz\u00e9lget\u00e9sre. K\u00fcldj \u00fczenetet b\u00e1rmikor: <strong><a>hello@slotimo.club<\/a><\/strong><\/p>\n<\/div>\n\n\n\n<div style=\"height:100px\" aria-hidden=\"true\" class=\"wp-block-spacer\"><\/div>","protected":false},"excerpt":{"rendered":"<p>Contact Us Have something to share? Whether you\u2019ve got a question, spotted something we should improve, or want to suggest [&hellip;]<\/p>\n","protected":false},"author":2,"featured_media":0,"parent":0,"menu_order":0,"comment_status":"closed","ping_status":"closed","template":"","meta":{"_uag_custom_page_level_css":"","site-sidebar-layout":"default","site-content-layout":"","ast-site-content-layout":"default","site-content-style":"default","site-sidebar-style":"default","ast-global-header-display":"","ast-banner-title-visibility":"","ast-main-header-display":"","ast-hfb-above-header-display":"","ast-hfb-below-header-display":"","ast-hfb-mobile-header-display":"","site-post-title":"","ast-breadcrumbs-content":"","ast-featured-img":"","footer-sml-layout":"","ast-disable-related-posts":"","theme-transparent-header-meta":"","adv-header-id-meta":"","stick-header-meta":"","header-above-stick-meta":"","header-main-stick-meta":"","header-below-stick-meta":"","astra-migrate-meta-layouts":"default","ast-page-background-enabled":"default","ast-page-background-meta":{"desktop":{"background-color":"var(--ast-global-color-5)","background-image":"","background-repeat":"repeat","background-position":"center center","background-size":"auto","background-attachment":"scroll","background-type":"","background-media":"","overlay-type":"","overlay-color":"","overlay-opacity":"","overlay-gradient":""},"tablet":{"background-color":"","background-image":"","background-repeat":"repeat","background-position":"center center","background-size":"auto","background-attachment":"scroll","background-type":"","background-media":"","overlay-type":"","overlay-color":"","overlay-opacity":"","overlay-gradient":""},"mobile":{"background-color":"","background-image":"","background-repeat":"repeat","background-position":"center center","background-size":"auto","background-attachment":"scroll","background-type":"","background-media":"","overlay-type":"","overlay-color":"","overlay-opacity":"","overlay-gradient":""}},"ast-content-background-meta":{"desktop":{"background-color":"var(--ast-global-color-4)","background-image":"","background-repeat":"repeat","background-position":"center center","background-size":"auto","background-attachment":"scroll","background-type":"","background-media":"","overlay-type":"","overlay-color":"","overlay-opacity":"","overlay-gradient":""},"tablet":{"background-color":"var(--ast-global-color-4)","background-image":"","background-repeat":"repeat","background-position":"center center","background-size":"auto","background-attachment":"scroll","background-type":"","background-media":"","overlay-type":"","overlay-color":"","overlay-opacity":"","overlay-gradient":""},"mobile":{"background-color":"var(--ast-global-color-4)","background-image":"","background-repeat":"repeat","background-position":"center center","background-size":"auto","background-attachment":"scroll","background-type":"","background-media":"","overlay-type":"","overlay-color":"","overlay-opacity":"","overlay-gradient":""}},"footnotes":""},"class_list":["post-305","page","type-page","status-publish","hentry"],"aioseo_notices":[],"uagb_featured_image_src":{"full":false,"thumbnail":false,"medium":false,"medium_large":false,"large":false,"1536x1536":false,"2048x2048":false,"trp-custom-language-flag":false},"uagb_author_info":{"display_name":"sltm","author_link":"https:\/\/slotimo.club\/hu\/author\/sltm\/"},"uagb_comment_info":0,"uagb_excerpt":"Contact Us Have something to share? Whether you\u2019ve got a question, spotted something we should improve, or want to suggest [&hellip;]","_links":{"self":[{"href":"https:\/\/slotimo.club\/hu\/wp-json\/wp\/v2\/pages\/305","targetHints":{"allow":["GET"]}}],"collection":[{"href":"https:\/\/slotimo.club\/hu\/wp-json\/wp\/v2\/pages"}],"about":[{"href":"https:\/\/slotimo.club\/hu\/wp-json\/wp\/v2\/types\/page"}],"author":[{"embeddable":true,"href":"https:\/\/slotimo.club\/hu\/wp-json\/wp\/v2\/users\/2"}],"replies":[{"embeddable":true,"href":"https:\/\/slotimo.club\/hu\/wp-json\/wp\/v2\/comments?post=305"}],"version-history":[{"count":5,"href":"https:\/\/slotimo.club\/hu\/wp-json\/wp\/v2\/pages\/305\/revisions"}],"predecessor-version":[{"id":538,"href":"https:\/\/slotimo.club\/hu\/wp-json\/wp\/v2\/pages\/305\/revisions\/538"}],"wp:attachment":[{"href":"https:\/\/slotimo.club\/hu\/wp-json\/wp\/v2\/media?parent=305"}],"curies":[{"name":"wp","href":"https:\/\/api.w.org\/{rel}","templated":true}]}}